{"id":59,"date":"2023-05-24T15:59:12","date_gmt":"2023-05-24T13:59:12","guid":{"rendered":"http:\/\/planbtourcoing.fr\/?page_id=59"},"modified":"2026-03-05T15:21:40","modified_gmt":"2026-03-05T14:21:40","slug":"commande-gateau","status":"publish","type":"page","link":"https:\/\/planbtourcoing.fr\/index.php\/commande-gateau\/","title":{"rendered":""},"content":{"rendered":"\n<h2 class=\"wp-block-heading has-text-align-center\" style=\"font-size:25px;font-style:italic;font-weight:500;letter-spacing:1px;text-decoration:none;text-transform:none\"><mark style=\"background-color:rgba(0, 0, 0, 0)\" class=\"has-inline-color has-vivid-green-cyan-color\">Envie d&rsquo;un g\u00e2teau personnalis\u00e9 pour un gout\u00e9, un anniversaire ou une occasion sp\u00e9ciale ?<\/mark><\/h2>\n\n\n\n<p><mark style=\"background-color:rgba(0, 0, 0, 0)\" class=\"has-inline-color has-white-color\">.<\/mark><\/p>\n\n\n\n<figure class=\"wp-block-gallery has-nested-images columns-default is-cropped wp-block-gallery-1 is-layout-flex wp-block-gallery-is-layout-flex\">\n<figure class=\"wp-block-image size-large\"><img loading=\"lazy\" decoding=\"async\" width=\"724\" height=\"1024\" data-id=\"927\" src=\"https:\/\/planbtourcoing.fr\/wp-content\/uploads\/2026\/03\/Commande-Gateau-724x1024.png\" alt=\"\" class=\"wp-image-927\" srcset=\"https:\/\/planbtourcoing.fr\/wp-content\/uploads\/2026\/03\/Commande-Gateau-724x1024.png 724w, https:\/\/planbtourcoing.fr\/wp-content\/uploads\/2026\/03\/Commande-Gateau-212x300.png 212w, https:\/\/planbtourcoing.fr\/wp-content\/uploads\/2026\/03\/Commande-Gateau-768x1086.png 768w, https:\/\/planbtourcoing.fr\/wp-content\/uploads\/2026\/03\/Commande-Gateau-1086x1536.png 1086w, https:\/\/planbtourcoing.fr\/wp-content\/uploads\/2026\/03\/Commande-Gateau-1140x1612.png 1140w, https:\/\/planbtourcoing.fr\/wp-content\/uploads\/2026\/03\/Commande-Gateau.png 1414w\" sizes=\"auto, (max-width: 724px) 100vw, 724px\" \/><\/figure>\n<\/figure>\n","protected":false},"excerpt":{"rendered":"<p>Envie d&rsquo;un g\u00e2teau personnalis\u00e9 pour un gout\u00e9, un anniversaire ou une occasion sp\u00e9ciale ? .<\/p>\n","protected":false},"author":1,"featured_media":603,"parent":0,"menu_order":0,"comment_status":"closed","ping_status":"closed","template":"","meta":{"iawp_total_views":526,"footnotes":""},"class_list":["post-59","page","type-page","status-publish","has-post-thumbnail","hentry"],"_links":{"self":[{"href":"https:\/\/planbtourcoing.fr\/index.php\/wp-json\/wp\/v2\/pages\/59","targetHints":{"allow":["GET"]}}],"collection":[{"href":"https:\/\/planbtourcoing.fr\/index.php\/wp-json\/wp\/v2\/pages"}],"about":[{"href":"https:\/\/planbtourcoing.fr\/index.php\/wp-json\/wp\/v2\/types\/page"}],"author":[{"embeddable":true,"href":"https:\/\/planbtourcoing.fr\/index.php\/wp-json\/wp\/v2\/users\/1"}],"replies":[{"embeddable":true,"href":"https:\/\/planbtourcoing.fr\/index.php\/wp-json\/wp\/v2\/comments?post=59"}],"version-history":[{"count":19,"href":"https:\/\/planbtourcoing.fr\/index.php\/wp-json\/wp\/v2\/pages\/59\/revisions"}],"predecessor-version":[{"id":928,"href":"https:\/\/planbtourcoing.fr\/index.php\/wp-json\/wp\/v2\/pages\/59\/revisions\/928"}],"wp:featuredmedia":[{"embeddable":true,"href":"https:\/\/planbtourcoing.fr\/index.php\/wp-json\/wp\/v2\/media\/603"}],"wp:attachment":[{"href":"https:\/\/planbtourcoing.fr\/index.php\/wp-json\/wp\/v2\/media?parent=59"}],"curies":[{"name":"wp","href":"https:\/\/api.w.org\/{rel}","templated":true}]}}